{"id":734,"date":"2025-03-17T12:20:01","date_gmt":"2025-03-17T11:20:01","guid":{"rendered":"https:\/\/equimhorserugs.com\/?page_id=734"},"modified":"2026-04-14T17:07:17","modified_gmt":"2026-04-14T15:07:17","slug":"generelle-vilkar-og-betingelser","status":"publish","type":"page","link":"https:\/\/equimhorserugs.com\/da\/algemene-voorwaarden\/","title":{"rendered":"Generelle vilk\u00e5r og betingelser"},"content":{"rendered":"<div data-elementor-type=\"wp-page\" data-elementor-id=\"734\" class=\"elementor elementor-734\" data-elementor-post-type=\"page\">\n\t\t\t\t<div data-particle_enable=\"false\" data-particle-mobile-disabled=\"false\" class=\"elementor-element elementor-element-4ee6d54 e-flex e-con-boxed e-con e-parent\" data-id=\"4ee6d54\" data-element_type=\"container\" data-e-type=\"container\" data-settings=\"{&quot;background_background&quot;:&quot;gradient&quot;}\">\n\t\t\t\t\t<div class=\"e-con-inner\">\n\t\t<div data-particle_enable=\"false\" data-particle-mobile-disabled=\"false\" class=\"elementor-element elementor-element-837f532 e-con-full e-flex e-con e-child\" data-id=\"837f532\" data-element_type=\"container\" data-e-type=\"container\">\n\t\t\t\t<div class=\"elementor-element elementor-element-4a614f0 elementor-widget elementor-widget-heading\" data-id=\"4a614f0\" data-element_type=\"widget\" data-e-type=\"widget\" data-widget_type=\"heading.default\">\n\t\t\t\t<div class=\"elementor-widget-container\">\n\t\t\t\t\t<h1 class=\"elementor-heading-title elementor-size-default\">Generelle vilk\u00e5r og betingelser<\/h1>\t\t\t\t<\/div>\n\t\t\t\t<\/div>\n\t\t<div data-particle_enable=\"false\" data-particle-mobile-disabled=\"false\" class=\"elementor-element elementor-element-e2e3f59 e-con-full e-flex e-con e-child\" data-id=\"e2e3f59\" data-element_type=\"container\" data-e-type=\"container\" data-settings=\"{&quot;background_background&quot;:&quot;classic&quot;}\">\n\t\t\t\t<div class=\"elementor-element elementor-element-d7032b2 elementor-widget elementor-widget-text-editor\" data-id=\"d7032b2\" data-element_type=\"widget\" data-e-type=\"widget\" data-widget_type=\"text-editor.default\">\n\t\t\t\t<div class=\"elementor-widget-container\">\n\t\t\t\t\t\t\t\t\t<p><strong>Generelle vilk\u00e5r og betingelser<\/strong><\/p><p>Equi-M Horserugs, der ligger p\u00e5\u00a0<span style=\"font-family: Aptos, Arial, Helvetica, sans-serif; caret-color: #000000;\">Usselerhalte 158<\/span>\u00a0i Enschede, er ansvarlig for behandlingen af personoplysninger som vist i denne privatlivspolitik.<\/p><p>Kontaktoplysninger:<br \/>www.equimhorserugs.com<br \/><span style=\"caret-color: #000000; font-family: Aptos, Arial, Helvetica, sans-serif;\">Usselerhalte 158, 7547SH Enschede<\/span><\/p><p><span style=\"color: var( --e-global-color-text ); font-family: var( --e-global-typography-text-font-family ), Sans-serif; font-weight: var( --e-global-typography-text-font-weight ); text-align: var(--text-align); font-size: 1rem;\">Monique Winterink er databeskyttelsesr\u00e5dgiver for Equi-M Horserugs. Hun kan kontaktes p\u00e5 info@equimhorserugs.com<\/span><\/p><p>Personoplysninger, som vi behandler<br \/>Equi-M Horserugs behandler dine personoplysninger, fordi du bruger vores tjenester og\/eller fordi du selv giver os dem. Nedenfor er en oversigt over de personoplysninger, vi behandler:<br \/>\u2013 For- og efternavn<br \/>\u2013 Adresseoplysninger<br \/>\u2013 Telefonnummer<br \/>\u2013 E-mailadresse<br \/>\u2013 IP-adresse<br \/>\u2013 Placeringsdata<br \/>\u2013 Oplysninger om dine aktiviteter p\u00e5 vores hjemmeside<br \/>\u2013 Data om din surfadf\u00e6rd p\u00e5 tv\u00e6rs af forskellige websteder (for eksempel fordi denne virksomhed er en del af et reklamenetv\u00e6rk)<br \/>\u2013 Internetbrowser og enhedstype<\/p><p>S\u00e6rlige og\/eller f\u00f8lsomme personoplysninger, som vi behandler <br \/>Vores hjemmeside og\/eller tjeneste har ikke til hensigt at indsamle data om hjemmesidebes\u00f8gende, der er under 16 \u00e5r, medmindre de har tilladelse fra<br \/>For\u00e6ldre eller v\u00e6rger. Vi kan dog ikke verificere, om en bes\u00f8gende er over 16 \u00e5r gammel. Vi anbefaler derfor, at for\u00e6ldre involveres i onlineaktiviteter.<br \/>af deres b\u00f8rn, for at forhindre, at data om b\u00f8rn indsamles uden for\u00e6ldres samtykke. Hvis du er overbevist om, at vi<br \/>Hvis du har indsamlet personlige oplysninger fra en mindre\u00e5rig uden dette samtykke, bedes du kontakte os p\u00e5 info@equimhorserugs.com, og vi vil slette disse oplysninger.<\/p><p>Med hvilket form\u00e5l og p\u00e5 hvilket grundlag behandler vi personoplysninger?<br \/>Equi-M Horserugs behandler dine personoplysninger til f\u00f8lgende form\u00e5l:<br \/>- Behandling af din betaling<br \/>- Udsendelse af vores nyhedsbrev og\/eller reklamebrochure<br \/>\u2013 For at kunne ringe eller sende dig e-mails, hvis det er n\u00f8dvendigt for at levere vores tjenester<br \/>\u2013 At informere dig om \u00e6ndringer i vores tjenester og produkter<br \/>\u2013 For at levere varer og tjenester til dig<br \/>\u2013 Equi-M Horserugs analyserer din adf\u00e6rd p\u00e5 hjemmesiden for at forbedre hjemmesiden og skr\u00e6ddersy udvalget af produkter og tjenester til dine pr\u00e6ferencer.<br \/>\u2013 Equi-M Horserugs sporer din browseradf\u00e6rd p\u00e5 tv\u00e6rs af forskellige websteder, s\u00e5 vi kan skr\u00e6ddersy vores produkter og tjenester til dine behov.<\/p><p>\u2013 Equi-M Horserugs behandler ogs\u00e5 personoplysninger, hvis vi er juridisk forpligtet til det, s\u00e5som oplysninger, som vi har brug for til vores selvangivelse.<\/p><p>Hvor l\u00e6nge vi opbevarer personoplysninger<\/p><p>Equi-M Horserugs opbevarer ikke dine personoplysninger l\u00e6ngere end strengt n\u00f8dvendigt for at opn\u00e5 de form\u00e5l, hvortil dine data indsamles.<br \/>Vi bruger f\u00f8lgende opbevaringsperioder for f\u00f8lgende (kategorier) af personoplysninger: 10 \u00e5r<\/p><p>Deling af personoplysninger med tredjeparter<br \/>Equi-M Horserugs s\u00e6lger ikke dine oplysninger til tredjeparter og videregiver dem kun, hvis det er n\u00f8dvendigt for at opfylde vores aftale med dig eller for at overholde en juridisk forpligtelse. Vi har databehandleraftaler med virksomheder, der behandler dine data p\u00e5 vores vegne, for at sikre samme niveau af sikkerhed og fortrolighed for dine data.<br \/>Equi-M Horserugs er fortsat ansvarlig for disse processer.<\/p><p>Cookies, eller lignende teknikker, som vi bruger<br \/>Equi-M Horserugs bruger funktionelle, analytiske og sporingscookies. En cookie er en lille tekstfil, der gemmes ved dit f\u00f8rste bes\u00f8g p\u00e5 denne hjemmeside.<br \/>gemmes i browseren p\u00e5 din computer, tablet eller smartphone.<br \/>Equi-M Horserugs bruger cookies med en rent teknisk funktionalitet.<br \/>sikre, at hjemmesiden fungerer korrekt, og at f.eks. dine foretrukne indstillinger huskes. Disse cookies bruges ogs\u00e5 til at<br \/>for at sikre, at hjemmesiden fungerer korrekt og for at optimere den. Vi placerer ogs\u00e5 cookies, der sporer din browseradf\u00e6rd, s\u00e5 vi kan levere tilpasset indhold.<br \/>og tilbyde reklamer. Under dit f\u00f8rste bes\u00f8g p\u00e5 vores hjemmeside informerede vi dig allerede om disse cookies og bad om dit samtykke til at bruge dem.<br \/>placere dem. Du kan frav\u00e6lge cookies ved at indstille din internetbrowser til ikke l\u00e6ngere at gemme cookies. Derudover kan du ogs\u00e5<br \/>Slet oplysninger, der tidligere er gemt via dine browserindstillinger. For en forklaring, se:<br \/>https:\/\/veiliginternetten.nl\/themes\/situatie\/cookies-wat-zijn-het-en-wat-doe-ik-ermee\/<\/p><p>Se, rediger eller slet data<br \/>Du har ret til at f\u00e5 adgang til, rette eller slette dine personoplysninger. Du har ogs\u00e5 ret til at tr\u00e6kke dit samtykke til databehandling tilbage eller til at g\u00f8re indsigelse mod Equi-M Horserugss behandling af dine personoplysninger, og du har ret til dataportabilitet. Det betyder, at du kan indsende en anmodning til os om at sende de personoplysninger, vi har om dig, i en computerfil, til dig eller en anden organisation, du angiver. Du kan sende en anmodning om adgang til, rettelse, sletning eller overf\u00f8rsel af dine personoplysninger, eller en anmodning om at tr\u00e6kke dit samtykke tilbage eller g\u00f8re indsigelse mod behandlingen af dine personoplysninger til info@equimhorserugs.com.<br \/>For at sikre, at anmodningen om adgang er fremsat af dig, beder vi dig om at sende en kopi af dit ID med anmodningen.<br \/>Kopi\u00e9r dit pasfoto, MRZ (maskinl\u00e6sbar zone, striben med numre nederst i passet), pasnummer og borgerservicenummer (BSN) i sort. Dette er<br \/>Beskyttelse af dit privatliv. Vi vil besvare din anmodning s\u00e5 hurtigt som muligt, men inden for fire uger.<\/p><p>Equi-M Horserugs vil ogs\u00e5 gerne p\u00e5pege, at du kan<br \/>Du har mulighed for at indgive en klage til den nationale tilsynsmyndighed, den hollandske databeskyttelsesmyndighed. Dette kan g\u00f8res via f\u00f8lgende link:<br \/>https:\/\/autoriteitpersoonsgegevens.nl\/nl\/contact-met-de-autoriteit-persoonsgegevens\/tip-ons<br \/>S\u00e5dan beskytter vi personoplysninger<\/p><p>Equi-M Horserugs tager beskyttelsen af dine data alvorligt og tr\u00e6ffer passende foranstaltninger for at forhindre misbrug, tab, uautoriseret adgang,<br \/>for at forhindre u\u00f8nsket videregivelse og uautoriseret \u00e6ndring. Hvis du har indtryk af, at dine data ikke er korrekt sikret, eller der er tegn p\u00e5<br \/>Hvis du oplever misbrug, bedes du kontakte vores kundeservice eller sende os en e-mail p\u00e5 info@equimhorserugs.com<\/p>\t\t\t\t\t\t\t\t<\/div>\n\t\t\t\t<\/div>\n\t\t\t\t<\/div>\n\t\t\t\t<\/div>\n\t\t\t\t\t<\/div>\n\t\t\t\t<\/div>\n\t\t\t\t<\/div>","protected":false},"excerpt":{"rendered":"<p>Algemene Voorwaarden Algemene voorwaarden Equi-M Horserugs, gevestigd aan\u00a0Usselerhalte 158\u00a0in Enschede, is verantwoordelijk voor de verwerking van persoonsgegevens zoals weergegeven in deze privacyverklaring. Contactgegevens:www.equimhorserugs.comUsselerhalte 158, 7547SH Enschede Monique Winterink is de Functionaris Gegevensbescherming van Equi-M Horserugs. Hij\/zij is te bereiken via info@equimhorserugs.com Persoonsgegevens die wij verwerkenEqui-M Horserugs verwerkt uw persoonsgegevens doordat u gebruik maakt van onze [&hellip;]<\/p>\n","protected":false},"author":1,"featured_media":0,"parent":0,"menu_order":0,"comment_status":"closed","ping_status":"closed","template":"","meta":{"_acf_changed":false,"footnotes":""},"class_list":["post-734","page","type-page","status-publish","hentry"],"acf":[],"_links":{"self":[{"href":"https:\/\/equimhorserugs.com\/da\/wp-json\/wp\/v2\/pages\/734","targetHints":{"allow":["GET"]}}],"collection":[{"href":"https:\/\/equimhorserugs.com\/da\/wp-json\/wp\/v2\/pages"}],"about":[{"href":"https:\/\/equimhorserugs.com\/da\/wp-json\/wp\/v2\/types\/page"}],"author":[{"embeddable":true,"href":"https:\/\/equimhorserugs.com\/da\/wp-json\/wp\/v2\/users\/1"}],"replies":[{"embeddable":true,"href":"https:\/\/equimhorserugs.com\/da\/wp-json\/wp\/v2\/comments?post=734"}],"version-history":[{"count":13,"href":"https:\/\/equimhorserugs.com\/da\/wp-json\/wp\/v2\/pages\/734\/revisions"}],"predecessor-version":[{"id":1503,"href":"https:\/\/equimhorserugs.com\/da\/wp-json\/wp\/v2\/pages\/734\/revisions\/1503"}],"wp:attachment":[{"href":"https:\/\/equimhorserugs.com\/da\/wp-json\/wp\/v2\/media?parent=734"}],"curies":[{"name":"wp","href":"https:\/\/api.w.org\/{rel}","templated":true}]}}