{"id":297,"date":"2025-03-13T13:53:36","date_gmt":"2025-03-13T12:53:36","guid":{"rendered":"https:\/\/equimhorserugs.com\/?post_type=product&#038;p=297"},"modified":"2026-01-20T11:01:53","modified_gmt":"2026-01-20T10:01:53","slug":"equi-m-kombitaeppe-150-gram","status":"publish","type":"product","link":"https:\/\/equimhorserugs.com\/da\/product\/equi-m-combi-deken-150-gram\/","title":{"rendered":"Equi-M Kombi-T\u00e6ppe 150 grams udend\u00f8rst\u00e6ppe"},"content":{"rendered":"<p>Equi-M Kombid\u00e6kkenet tilbyder din hest ultimativ beskyttelse og komfort. Det er b\u00e5de et g\u00e5d\u00e6kken og et udend\u00f8rsd\u00e6kken i \u00e9t!<\/p>\n<p>Den unikke pasform og glatte foring forhindrer gnaven. Dette alsidige d\u00e6kken er ideelt til marker, stalde eller g\u00e5ture. Vandt\u00e6t og \u00e5ndbart, perfekt til al slags vejr!<\/p>\n<p><strong>N\u00f8glefunktioner<\/strong><\/p>\n<p>Ultimativ bev\u00e6gelsesfrihed<br \/>\nVandt\u00e6t og \u00e5ndbar<br \/>\nBl\u00f8dt fleecefor p\u00e5 brystet<br \/>\nNem at omdanne til l\u00f8beb\u00e5ndst\u00e6ppe<\/p>\n<p><strong>Specifikationer<\/strong><\/p>\n<p>Materiale: Vandt\u00e6t polyester 1200d<br \/>\nSt\u00f8rrelse: 185, 195 cm, 205 eller 215 cm<br \/>\nFarve: M\u00f8rkebl\u00e5<br \/>\nV\u00e6gt: 150 gram<\/p>","protected":false},"excerpt":{"rendered":"<p>Equi-M Kombid\u00e6kkenet tilbyder din hest ultimativ beskyttelse og komfort. Det er b\u00e5de et g\u00e5d\u00e6kken og et udend\u00f8rsd\u00e6kken i \u00e9t!<\/p>","protected":false},"featured_media":1215,"template":"","meta":{"_acf_changed":false},"product_brand":[],"product_cat":[16],"product_tag":[],"class_list":{"0":"post-297","1":"product","2":"type-product","3":"status-publish","4":"has-post-thumbnail","6":"product_cat-geen-categorie","8":"first","9":"instock","10":"taxable","11":"shipping-taxable","12":"purchasable","13":"product-type-variable"},"acf":[],"_links":{"self":[{"href":"https:\/\/equimhorserugs.com\/da\/wp-json\/wp\/v2\/product\/297","targetHints":{"allow":["GET"]}}],"collection":[{"href":"https:\/\/equimhorserugs.com\/da\/wp-json\/wp\/v2\/product"}],"about":[{"href":"https:\/\/equimhorserugs.com\/da\/wp-json\/wp\/v2\/types\/product"}],"wp:featuredmedia":[{"embeddable":true,"href":"https:\/\/equimhorserugs.com\/da\/wp-json\/wp\/v2\/media\/1215"}],"wp:attachment":[{"href":"https:\/\/equimhorserugs.com\/da\/wp-json\/wp\/v2\/media?parent=297"}],"wp:term":[{"taxonomy":"product_brand","embeddable":true,"href":"https:\/\/equimhorserugs.com\/da\/wp-json\/wp\/v2\/product_brand?post=297"},{"taxonomy":"product_cat","embeddable":true,"href":"https:\/\/equimhorserugs.com\/da\/wp-json\/wp\/v2\/product_cat?post=297"},{"taxonomy":"product_tag","embeddable":true,"href":"https:\/\/equimhorserugs.com\/da\/wp-json\/wp\/v2\/product_tag?post=297"}],"curies":[{"name":"wp","href":"https:\/\/api.w.org\/{rel}","templated":true}]}}