{"id":1287,"date":"2025-09-01T14:20:10","date_gmt":"2025-09-01T12:20:10","guid":{"rendered":"https:\/\/equimhorserugs.com\/?post_type=product&#038;p=1287"},"modified":"2026-01-20T11:03:08","modified_gmt":"2026-01-20T10:03:08","slug":"equi-m-kombi-halsdecke-300-gramm-outdoor-decke-kopie","status":"publish","type":"product","link":"https:\/\/equimhorserugs.com\/de\/product\/equi-m-combi-halsdeken-300-gram-outdoordeken-kopie\/","title":{"rendered":"Equi-M Combi-Neck-Decke, 300 Gramm Winterdecke"},"content":{"rendered":"<p>Die Equi-M Combi Halsdecke bietet Ihrem Pferd optimalen Schutz und Komfort. Sie dient als F\u00fchrstrickdecke und Outdoor-Decke in einem!<\/p>\n<p>Aufgrund des gro\u00dfen Erfolgs haben wir unsere Standard-Equi-M Combi-Decke um einen halben Halsausschnitt erweitert.<br \/>\nDie einzigartige Passform und das glatte Futter verhindern Reibung. Diese vielseitige Decke eignet sich ideal f\u00fcr Paddocks, St\u00e4lle oder Spazierg\u00e4nge. Wasserdicht und atmungsaktiv \u2013 perfekt f\u00fcr jedes Wetter!<br \/>\nDer halbhohe Kragen sorgt an kalten Tagen f\u00fcr noch mehr Komfort und W\u00e4rme.<\/p>\n<p><strong>Hauptmerkmale<\/strong><\/p>\n<p>Ultimative Bewegungsfreiheit<br \/>\nWasserdicht und atmungsaktiv<br \/>\nWeiches Fleecefutter im Brustbereich<br \/>\nL\u00e4sst sich leicht in eine Laufbanddecke umwandeln<\/p>\n<p><strong><br \/>\nSpezifikationen<\/strong><\/p>\n<p>Material: Wasserdichtes Polyester 1200d<br \/>\nGr\u00f6\u00dfe: 185, 195 cm, 205 oder 215 cm<br \/>\nFarbe: Dunkelblau<br \/>\nGewicht: 150 Gramm<br \/>\nForm: Halbhals<\/p>","protected":false},"excerpt":{"rendered":"<p>Die Equi-M Combi Decke mit halbem Halsausschnitt bietet Ihrem Pferd optimalen Schutz und Komfort. Sie ist F\u00fchrstrick- und Outdoor-Decke in einem!<\/p>","protected":false},"featured_media":1231,"template":"","meta":{"_acf_changed":false},"product_brand":[],"product_cat":[16],"product_tag":[],"class_list":{"0":"post-1287","1":"product","2":"type-product","3":"status-publish","4":"has-post-thumbnail","6":"product_cat-geen-categorie","8":"first","9":"instock","10":"taxable","11":"shipping-taxable","12":"purchasable","13":"product-type-variable"},"acf":[],"_links":{"self":[{"href":"https:\/\/equimhorserugs.com\/de\/wp-json\/wp\/v2\/product\/1287","targetHints":{"allow":["GET"]}}],"collection":[{"href":"https:\/\/equimhorserugs.com\/de\/wp-json\/wp\/v2\/product"}],"about":[{"href":"https:\/\/equimhorserugs.com\/de\/wp-json\/wp\/v2\/types\/product"}],"wp:featuredmedia":[{"embeddable":true,"href":"https:\/\/equimhorserugs.com\/de\/wp-json\/wp\/v2\/media\/1231"}],"wp:attachment":[{"href":"https:\/\/equimhorserugs.com\/de\/wp-json\/wp\/v2\/media?parent=1287"}],"wp:term":[{"taxonomy":"product_brand","embeddable":true,"href":"https:\/\/equimhorserugs.com\/de\/wp-json\/wp\/v2\/product_brand?post=1287"},{"taxonomy":"product_cat","embeddable":true,"href":"https:\/\/equimhorserugs.com\/de\/wp-json\/wp\/v2\/product_cat?post=1287"},{"taxonomy":"product_tag","embeddable":true,"href":"https:\/\/equimhorserugs.com\/de\/wp-json\/wp\/v2\/product_tag?post=1287"}],"curies":[{"name":"wp","href":"https:\/\/api.w.org\/{rel}","templated":true}]}}