{"id":296,"date":"2025-03-13T13:52:02","date_gmt":"2025-03-13T12:52:02","guid":{"rendered":"https:\/\/equimhorserugs.com\/?post_type=product&#038;p=296"},"modified":"2026-01-20T11:01:40","modified_gmt":"2026-01-20T10:01:40","slug":"equi-m-kombi-regendecke-0-gramm","status":"publish","type":"product","link":"https:\/\/equimhorserugs.com\/de\/product\/equi-m-combi-deken-0-gram-regendeken\/","title":{"rendered":"Equi-M Combi-Blanket 0 Gramm Regendecke"},"content":{"rendered":"<p>Die Equi-M Combi Decke bietet Ihrem Pferd optimalen Schutz und Komfort. Sie ist F\u00fchrstrick- und Outdoor-Decke in einem!<\/p>\n<p>Die einzigartige Passform und das glatte Futter verhindern Reibung. Diese vielseitige Decke eignet sich ideal f\u00fcr Paddocks, St\u00e4lle oder Spazierg\u00e4nge. Wasserdicht und atmungsaktiv \u2013 perfekt f\u00fcr jedes Wetter!<\/p>\n<p><strong>Hauptmerkmale<\/strong><\/p>\n<p>Ultimative Bewegungsfreiheit<br \/>\nWasserdicht und atmungsaktiv<br \/>\nWeiches Fleecefutter im Brustbereich<br \/>\nL\u00e4sst sich leicht in eine Laufbanddecke umwandeln<\/p>\n<p><strong>Spezifikationen<\/strong><\/p>\n<p>Material: Wasserdichtes Polyester 1200 Derni<br \/>\nGr\u00f6\u00dfe: 188, 195, 205 oder 215 cm<br \/>\nFarbe: Dunkelblau<br \/>\nGewicht: 0 Gramm<\/p>\n<p>Sch\u00fctzen Sie Ihr Pferd noch heute mit der Equi-M Combi Decke. Jetzt bestellen!<\/p>","protected":false},"excerpt":{"rendered":"<p>Die Equi-M Combi Decke bietet Ihrem Pferd optimalen Schutz und Komfort. Sie ist F\u00fchrstrick- und Outdoor-Decke in einem!<\/p>","protected":false},"featured_media":1215,"template":"","meta":{"_acf_changed":false},"product_brand":[],"product_cat":[16],"product_tag":[],"class_list":{"0":"post-296","1":"product","2":"type-product","3":"status-publish","4":"has-post-thumbnail","6":"product_cat-geen-categorie","8":"first","9":"instock","10":"taxable","11":"shipping-taxable","12":"purchasable","13":"product-type-variable"},"acf":[],"_links":{"self":[{"href":"https:\/\/equimhorserugs.com\/de\/wp-json\/wp\/v2\/product\/296","targetHints":{"allow":["GET"]}}],"collection":[{"href":"https:\/\/equimhorserugs.com\/de\/wp-json\/wp\/v2\/product"}],"about":[{"href":"https:\/\/equimhorserugs.com\/de\/wp-json\/wp\/v2\/types\/product"}],"wp:featuredmedia":[{"embeddable":true,"href":"https:\/\/equimhorserugs.com\/de\/wp-json\/wp\/v2\/media\/1215"}],"wp:attachment":[{"href":"https:\/\/equimhorserugs.com\/de\/wp-json\/wp\/v2\/media?parent=296"}],"wp:term":[{"taxonomy":"product_brand","embeddable":true,"href":"https:\/\/equimhorserugs.com\/de\/wp-json\/wp\/v2\/product_brand?post=296"},{"taxonomy":"product_cat","embeddable":true,"href":"https:\/\/equimhorserugs.com\/de\/wp-json\/wp\/v2\/product_cat?post=296"},{"taxonomy":"product_tag","embeddable":true,"href":"https:\/\/equimhorserugs.com\/de\/wp-json\/wp\/v2\/product_tag?post=296"}],"curies":[{"name":"wp","href":"https:\/\/api.w.org\/{rel}","templated":true}]}}