{"id":734,"date":"2025-03-17T12:20:01","date_gmt":"2025-03-17T11:20:01","guid":{"rendered":"https:\/\/equimhorserugs.com\/?page_id=734"},"modified":"2026-04-14T17:07:17","modified_gmt":"2026-04-14T15:07:17","slug":"yleiset-ehdot","status":"publish","type":"page","link":"https:\/\/equimhorserugs.com\/fi\/algemene-voorwaarden\/","title":{"rendered":"Yleiset ehdot"},"content":{"rendered":"<div data-elementor-type=\"wp-page\" data-elementor-id=\"734\" class=\"elementor elementor-734\" data-elementor-post-type=\"page\">\n\t\t\t\t<div data-particle_enable=\"false\" data-particle-mobile-disabled=\"false\" class=\"elementor-element elementor-element-4ee6d54 e-flex e-con-boxed e-con e-parent\" data-id=\"4ee6d54\" data-element_type=\"container\" data-e-type=\"container\" data-settings=\"{&quot;background_background&quot;:&quot;gradient&quot;}\">\n\t\t\t\t\t<div class=\"e-con-inner\">\n\t\t<div data-particle_enable=\"false\" data-particle-mobile-disabled=\"false\" class=\"elementor-element elementor-element-837f532 e-con-full e-flex e-con e-child\" data-id=\"837f532\" data-element_type=\"container\" data-e-type=\"container\">\n\t\t\t\t<div class=\"elementor-element elementor-element-4a614f0 elementor-widget elementor-widget-heading\" data-id=\"4a614f0\" data-element_type=\"widget\" data-e-type=\"widget\" data-widget_type=\"heading.default\">\n\t\t\t\t<div class=\"elementor-widget-container\">\n\t\t\t\t\t<h1 class=\"elementor-heading-title elementor-size-default\">Yleiset ehdot<\/h1>\t\t\t\t<\/div>\n\t\t\t\t<\/div>\n\t\t<div data-particle_enable=\"false\" data-particle-mobile-disabled=\"false\" class=\"elementor-element elementor-element-e2e3f59 e-con-full e-flex e-con e-child\" data-id=\"e2e3f59\" data-element_type=\"container\" data-e-type=\"container\" data-settings=\"{&quot;background_background&quot;:&quot;classic&quot;}\">\n\t\t\t\t<div class=\"elementor-element elementor-element-d7032b2 elementor-widget elementor-widget-text-editor\" data-id=\"d7032b2\" data-element_type=\"widget\" data-e-type=\"widget\" data-widget_type=\"text-editor.default\">\n\t\t\t\t<div class=\"elementor-widget-container\">\n\t\t\t\t\t\t\t\t\t<p><strong>Yleiset ehdot<\/strong><\/p><p>Equi-M Horserugs, joka sijaitsee osoitteessa\u00a0<span style=\"font-family: Aptos, Arial, Helvetica, sans-serif; caret-color: #000000;\">Usselerhalte 158<\/span>\u00a0Enschedess\u00e4, on vastuussa henkil\u00f6tietojen k\u00e4sittelyst\u00e4 t\u00e4ss\u00e4 tietosuojaselosteessa kuvatulla tavalla.<\/p><p>Yhteystiedot:<br \/>www.equimhorserugs.com<br \/><span style=\"caret-color: #000000; font-family: Aptos, Arial, Helvetica, sans-serif;\">Usselerhalte 158, 7547SH Enschede<\/span><\/p><p><span style=\"color: var( --e-global-color-text ); font-family: var( --e-global-typography-text-font-family ), Sans-serif; font-weight: var( --e-global-typography-text-font-weight ); text-align: var(--text-align); font-size: 1rem;\">Monique Winterink on Equi-M Horserugsn tietosuojavastaava. H\u00e4neen saa yhteyden osoitteesta info@equimhorserugs.com.<\/span><\/p><p>K\u00e4sittelem\u00e4mme henkil\u00f6tiedot<br \/>Equi-M Horserugs k\u00e4sittelee henkil\u00f6tietojasi, koska k\u00e4yt\u00e4t palveluitamme ja\/tai koska annat ne meille itse. Alla on yleiskatsaus k\u00e4sittelemist\u00e4mme henkil\u00f6tiedoista:<br \/>\u2013 Etu- ja sukunimi<br \/>\u2013 Osoitetiedot<br \/>\u2013 Puhelinnumero<br \/>\u2013 S\u00e4hk\u00f6postiosoite<br \/>\u2013 IP-osoite<br \/>\u2013 Sijaintitiedot<br \/>\u2013 Tietoja toiminnastasi verkkosivustollamme<br \/>\u2013 Tietoja selausk\u00e4ytt\u00e4ytymisest\u00e4si eri verkkosivustoilla (esimerkiksi siksi, ett\u00e4 t\u00e4m\u00e4 yritys on osa mainosverkostoa)<br \/>\u2013 Internet-selain ja laitetyyppi<\/p><p>K\u00e4sittelem\u00e4mme erityiset ja\/tai arkaluonteiset henkil\u00f6tiedot <br \/>Verkkosivustomme ja\/tai palvelumme ei aio ker\u00e4t\u00e4 tietoja alle 16-vuotiaista verkkosivuston k\u00e4vij\u00f6ist\u00e4, ellei heill\u00e4 ole lupaa<br \/>Vanhemmat tai huoltajat. Emme kuitenkaan voi varmistaa, onko vierailija yli 16-vuotias. Siksi suosittelemme, ett\u00e4 vanhemmat osallistuvat verkkotoimintaan.<br \/>lastensa tietoja, jotta lapsia koskevia tietoja ei ker\u00e4t\u00e4 ilman vanhempien suostumusta. Jos olet vakuuttunut siit\u00e4, ett\u00e4 me<br \/>Jos olet ker\u00e4nnyt alaik\u00e4isen henkil\u00f6tietoja ilman t\u00e4t\u00e4 suostumusta, ota meihin yhteytt\u00e4 osoitteessa info@equimhorserugs.com, niin poistamme tiedot.<\/p><p>Mihin tarkoitukseen ja mill\u00e4 perusteella k\u00e4sittelemme henkil\u00f6tietoja?<br \/>Equi-M Horserugs k\u00e4sittelee henkil\u00f6tietojasi seuraaviin tarkoituksiin:<br \/>- Maksusi k\u00e4sittely<br \/>- Uutiskirjeemme ja\/tai mainosesitteemme l\u00e4hett\u00e4minen<br \/>\u2013 Voidaksemme soittaa sinulle tai l\u00e4hett\u00e4\u00e4 sinulle s\u00e4hk\u00f6postia, jos se on tarpeen palvelujemme tarjoamiseksi<br \/>\u2013 Ilmoittaaksemme sinulle palveluidemme ja tuotteidemme muutoksista<br \/>\u2013 Toimittaakseen sinulle tavaroita ja palveluita<br \/>\u2013 Equi-M Horserugs analysoi k\u00e4ytt\u00e4ytymist\u00e4si verkkosivustolla parantaakseen verkkosivustoa ja r\u00e4\u00e4t\u00e4l\u00f6id\u00e4kseen tuote- ja palveluvalikoimaa mieltymystesi mukaan.<br \/>\u2013 Equi-M Horserugs seuraa selausk\u00e4ytt\u00e4ytymist\u00e4si eri verkkosivustoilla, jotta voimme r\u00e4\u00e4t\u00e4l\u00f6id\u00e4 tuotteitamme ja palveluitamme tarpeidesi mukaan.<\/p><p>\u2013 Equi-M Horserugs k\u00e4sittelee henkil\u00f6tietoja my\u00f6s, jos meill\u00e4 on lakis\u00e4\u00e4teinen velvollisuus tehd\u00e4 niin, kuten tietoja, joita tarvitsemme veroilmoitustamme varten.<\/p><p>Kuinka kauan s\u00e4ilyt\u00e4mme henkil\u00f6tietoja<\/p><p>Equi-M Horserugs ei s\u00e4ilyt\u00e4 henkil\u00f6tietojasi pidemp\u00e4\u00e4n kuin on ehdottoman v\u00e4ltt\u00e4m\u00e4t\u00f6nt\u00e4 niiden tarkoitusten saavuttamiseksi, joita varten tietosi on ker\u00e4tty.<br \/>K\u00e4yt\u00e4mme seuraavia s\u00e4ilytysaikoja seuraaville (luokille) henkil\u00f6tiedoille: 10 vuotta<\/p><p>Henkil\u00f6tietojen jakaminen kolmansille osapuolille<br \/>Equi-M Horserugs ei myy tietojasi kolmansille osapuolille ja luovuttaa niit\u00e4 vain, jos se on tarpeen kanssasi tekem\u00e4mme sopimuksen t\u00e4yt\u00e4nt\u00f6\u00f6npanemiseksi tai lakis\u00e4\u00e4teisen velvoitteen noudattamiseksi. Meill\u00e4 on voimassa olevia tietojenk\u00e4sittelysopimuksia yritysten kanssa, jotka k\u00e4sittelev\u00e4t tietojasi puolestamme, varmistaaksemme saman tietoturvan ja luottamuksellisuuden tason.<br \/>Equi-M Horserugs on edelleen vastuussa n\u00e4ist\u00e4 prosesseista.<\/p><p>K\u00e4ytt\u00e4m\u00e4mme ev\u00e4steet tai vastaavat tekniikat<br \/>Equi-M Horserugs k\u00e4ytt\u00e4\u00e4 toiminnallisia, analyyttisi\u00e4 ja seurantaev\u00e4steit\u00e4. Ev\u00e4ste on pieni tekstitiedosto, joka tallennetaan ensimm\u00e4isell\u00e4 verkkosivustovierailullasi.<br \/>tallennetaan tietokoneesi, tablettisi tai \u00e4lypuhelimesi selaimeen.<br \/>Equi-M Horserugs k\u00e4ytt\u00e4\u00e4 ev\u00e4steit\u00e4, joilla on puhtaasti tekninen tarkoitus. N\u00e4m\u00e4<br \/>varmistaaksemme, ett\u00e4 verkkosivusto toimii oikein ja ett\u00e4 esimerkiksi haluamasi asetukset muistetaan. N\u00e4it\u00e4 ev\u00e4steit\u00e4 k\u00e4ytet\u00e4\u00e4n my\u00f6s<br \/>varmistaaksemme verkkosivuston moitteettoman toiminnan ja optimoidaksemme sen. K\u00e4yt\u00e4mme my\u00f6s ev\u00e4steit\u00e4, jotka seuraavat selausk\u00e4ytt\u00e4ytymist\u00e4si, jotta voimme tarjota r\u00e4\u00e4t\u00e4l\u00f6ity\u00e4 sis\u00e4lt\u00f6\u00e4.<br \/>ja tarjota mainoksia. Ensimm\u00e4isell\u00e4 verkkosivustovierailullasi kerroimme sinulle n\u00e4ist\u00e4 ev\u00e4steist\u00e4 ja pyysimme suostumustasi niiden k\u00e4ytt\u00f6\u00f6n.<br \/>sijoittamalla ne. Voit kielt\u00e4yty\u00e4 ev\u00e4steist\u00e4 asettamalla internetselaimesi niin, ett\u00e4 ev\u00e4steet eiv\u00e4t en\u00e4\u00e4 tallennu. Lis\u00e4ksi voit my\u00f6s<br \/>Poista aiemmin tallennetut tiedot selaimesi asetuksista. Katso selitys t\u00e4\u00e4lt\u00e4:<br \/>https:\/\/veiliginternetten.nl\/themes\/situatie\/cookies-wat-zijn-het-en-wat-doe-ik-ermee\/<\/p><p>N\u00e4yt\u00e4, muuta tai poista tietoja<br \/>Sinulla on oikeus tarkastella, oikaista tai poistaa henkil\u00f6tietojasi. Sinulla on my\u00f6s oikeus peruuttaa suostumuksesi tietojenk\u00e4sittelyyn tai vastustaa Equi-M Horserugsn suorittamaa henkil\u00f6tietojesi k\u00e4sittely\u00e4, ja sinulla on oikeus siirt\u00e4\u00e4 tiedot j\u00e4rjestelm\u00e4st\u00e4 toiseen. T\u00e4m\u00e4 tarkoittaa, ett\u00e4 voit l\u00e4hett\u00e4\u00e4 meille pyynn\u00f6n l\u00e4hett\u00e4\u00e4 sinusta tietokonetiedostossa olevat henkil\u00f6tiedot sinulle tai toiselle valitsemallesi organisaatiolle. Voit l\u00e4hett\u00e4\u00e4 pyynn\u00f6n henkil\u00f6tietojesi tarkastelusta, oikaisemisesta, poistamisesta tai siirt\u00e4misest\u00e4 tai pyynn\u00f6n suostumuksesi peruuttamisesta tai henkil\u00f6tietojesi k\u00e4sittelyn vastustamisesta osoitteeseen info@equimhorserugs.com.<br \/>Varmistaaksemme, ett\u00e4 olet itse tehnyt pyynn\u00f6n tietojen saamisesta, pyyd\u00e4mme sinua l\u00e4hett\u00e4m\u00e4\u00e4n pyynn\u00f6n mukana kopion henkil\u00f6llisyystodistuksestasi.<br \/>Kopioi passikuvasi, koneellisesti luettava alue (passin alareunassa oleva numeronauha), passinumerosi ja kansalaispalvelunumerosi (BSN) mustalla. T\u00e4m\u00e4 on<br \/>Tietosuojasi suojaaminen. Vastaamme pyynt\u00f6\u00f6si mahdollisimman pian, mutta nelj\u00e4n viikon kuluessa.<\/p><p>Equi-M Horserugs haluaa my\u00f6s huomauttaa, ett\u00e4 voit<br \/>Sinulla on mahdollisuus tehd\u00e4 valitus kansalliselle valvontaviranomaiselle, Alankomaiden tietosuojaviranomaiselle. T\u00e4m\u00e4 onnistuu seuraavan linkin kautta:<br \/>https:\/\/autoriteitpersoonsgegevens.nl\/nl\/contact-met-de-autoriteit-persoonsgegevens\/tip-ons<br \/>Kuinka suojaamme henkil\u00f6tietoja<\/p><p>Equi-M Horserugs suhtautuu tietojesi suojaamiseen vakavasti ja ryhtyy asianmukaisiin toimenpiteisiin v\u00e4\u00e4rink\u00e4yt\u00f6n, katoamisen ja luvattoman k\u00e4yt\u00f6n est\u00e4miseksi.,<br \/>est\u00e4\u00e4ksemme ei-toivotun paljastumisen ja luvattoman muokkaamisen. Jos sinulla on vaikutelma, ett\u00e4 tietojasi ei ole suojattu asianmukaisesti tai on merkkej\u00e4 siit\u00e4, ett\u00e4<br \/>Jos koet v\u00e4\u00e4rink\u00e4yt\u00f6ksi\u00e4, ota yhteytt\u00e4 asiakaspalveluumme tai l\u00e4het\u00e4 meille s\u00e4hk\u00f6postia osoitteeseen info@equimhorserugs.com<\/p>\t\t\t\t\t\t\t\t<\/div>\n\t\t\t\t<\/div>\n\t\t\t\t<\/div>\n\t\t\t\t<\/div>\n\t\t\t\t\t<\/div>\n\t\t\t\t<\/div>\n\t\t\t\t<\/div>","protected":false},"excerpt":{"rendered":"<p>Algemene Voorwaarden Algemene voorwaarden Equi-M Horserugs, gevestigd aan\u00a0Usselerhalte 158\u00a0in Enschede, is verantwoordelijk voor de verwerking van persoonsgegevens zoals weergegeven in deze privacyverklaring. Contactgegevens:www.equimhorserugs.comUsselerhalte 158, 7547SH Enschede Monique Winterink is de Functionaris Gegevensbescherming van Equi-M Horserugs. Hij\/zij is te bereiken via info@equimhorserugs.com Persoonsgegevens die wij verwerkenEqui-M Horserugs verwerkt uw persoonsgegevens doordat u gebruik maakt van onze [&hellip;]<\/p>\n","protected":false},"author":1,"featured_media":0,"parent":0,"menu_order":0,"comment_status":"closed","ping_status":"closed","template":"","meta":{"_acf_changed":false,"footnotes":""},"class_list":["post-734","page","type-page","status-publish","hentry"],"acf":[],"_links":{"self":[{"href":"https:\/\/equimhorserugs.com\/fi\/wp-json\/wp\/v2\/pages\/734","targetHints":{"allow":["GET"]}}],"collection":[{"href":"https:\/\/equimhorserugs.com\/fi\/wp-json\/wp\/v2\/pages"}],"about":[{"href":"https:\/\/equimhorserugs.com\/fi\/wp-json\/wp\/v2\/types\/page"}],"author":[{"embeddable":true,"href":"https:\/\/equimhorserugs.com\/fi\/wp-json\/wp\/v2\/users\/1"}],"replies":[{"embeddable":true,"href":"https:\/\/equimhorserugs.com\/fi\/wp-json\/wp\/v2\/comments?post=734"}],"version-history":[{"count":13,"href":"https:\/\/equimhorserugs.com\/fi\/wp-json\/wp\/v2\/pages\/734\/revisions"}],"predecessor-version":[{"id":1503,"href":"https:\/\/equimhorserugs.com\/fi\/wp-json\/wp\/v2\/pages\/734\/revisions\/1503"}],"wp:attachment":[{"href":"https:\/\/equimhorserugs.com\/fi\/wp-json\/wp\/v2\/media?parent=734"}],"curies":[{"name":"wp","href":"https:\/\/api.w.org\/{rel}","templated":true}]}}