{"id":297,"date":"2025-03-13T13:53:36","date_gmt":"2025-03-13T12:53:36","guid":{"rendered":"https:\/\/equimhorserugs.com\/?post_type=product&#038;p=297"},"modified":"2026-01-20T11:01:53","modified_gmt":"2026-01-20T10:01:53","slug":"equi-m-yhdistelmapeitto-150-grammaa","status":"publish","type":"product","link":"https:\/\/equimhorserugs.com\/fi\/product\/equi-m-combi-deken-150-gram\/","title":{"rendered":"Equi-M Combi-Blanket 150 gramman ulkoiluhuopa"},"content":{"rendered":"<p>Equi-M Combi -peitto tarjoaa hevosellesi \u00e4\u00e4rimm\u00e4ist\u00e4 suojaa ja mukavuutta. Se on sek\u00e4 k\u00e4velytysloimi ett\u00e4 ulkoiluloimi samassa!<\/p>\n<p>Ainutlaatuinen istuvuus ja sile\u00e4 vuori est\u00e4v\u00e4t hankautumista. T\u00e4m\u00e4 monipuolinen loimi sopii erinomaisesti laitumelle, talleille tai ulkoilutuksille. Vedenpit\u00e4v\u00e4 ja hengitt\u00e4v\u00e4, se sopii t\u00e4ydellisesti kaikkiin s\u00e4\u00e4olosuhteisiin!<\/p>\n<p><strong>T\u00e4rkeimm\u00e4t ominaisuudet<\/strong><\/p>\n<p>T\u00e4ydellinen liikkumisvapaus<br \/>\nVedenpit\u00e4v\u00e4 ja hengitt\u00e4v\u00e4<br \/>\nPehme\u00e4 fleecevuori rinnassa<br \/>\nHelppo muuntaa juoksumattopeitteeksi<\/p>\n<p><strong>Tekniset tiedot<\/strong><\/p>\n<p>Materiaali: Vedenpit\u00e4v\u00e4 polyesteri 1200d<br \/>\nKoko: 185, 195 cm, 205 tai 215 cm<br \/>\nV\u00e4ri: Tummansininen<br \/>\nPaino: 150 grammaa<\/p>","protected":false},"excerpt":{"rendered":"<p>Equi-M Combi -peitto tarjoaa hevosellesi \u00e4\u00e4rimm\u00e4ist\u00e4 suojaa ja mukavuutta. Se on sek\u00e4 k\u00e4velytysloimi ett\u00e4 ulkoiluloimi samassa!<\/p>","protected":false},"featured_media":1215,"template":"","meta":{"_acf_changed":false},"product_brand":[],"product_cat":[16],"product_tag":[],"class_list":{"0":"post-297","1":"product","2":"type-product","3":"status-publish","4":"has-post-thumbnail","6":"product_cat-geen-categorie","8":"first","9":"instock","10":"taxable","11":"shipping-taxable","12":"purchasable","13":"product-type-variable"},"acf":[],"_links":{"self":[{"href":"https:\/\/equimhorserugs.com\/fi\/wp-json\/wp\/v2\/product\/297","targetHints":{"allow":["GET"]}}],"collection":[{"href":"https:\/\/equimhorserugs.com\/fi\/wp-json\/wp\/v2\/product"}],"about":[{"href":"https:\/\/equimhorserugs.com\/fi\/wp-json\/wp\/v2\/types\/product"}],"wp:featuredmedia":[{"embeddable":true,"href":"https:\/\/equimhorserugs.com\/fi\/wp-json\/wp\/v2\/media\/1215"}],"wp:attachment":[{"href":"https:\/\/equimhorserugs.com\/fi\/wp-json\/wp\/v2\/media?parent=297"}],"wp:term":[{"taxonomy":"product_brand","embeddable":true,"href":"https:\/\/equimhorserugs.com\/fi\/wp-json\/wp\/v2\/product_brand?post=297"},{"taxonomy":"product_cat","embeddable":true,"href":"https:\/\/equimhorserugs.com\/fi\/wp-json\/wp\/v2\/product_cat?post=297"},{"taxonomy":"product_tag","embeddable":true,"href":"https:\/\/equimhorserugs.com\/fi\/wp-json\/wp\/v2\/product_tag?post=297"}],"curies":[{"name":"wp","href":"https:\/\/api.w.org\/{rel}","templated":true}]}}