{"id":734,"date":"2025-03-17T12:20:01","date_gmt":"2025-03-17T11:20:01","guid":{"rendered":"https:\/\/equimhorserugs.com\/?page_id=734"},"modified":"2026-04-14T17:07:17","modified_gmt":"2026-04-14T15:07:17","slug":"conditions-generales","status":"publish","type":"page","link":"https:\/\/equimhorserugs.com\/fr\/algemene-voorwaarden\/","title":{"rendered":"Conditions g\u00e9n\u00e9rales"},"content":{"rendered":"<div data-elementor-type=\"wp-page\" data-elementor-id=\"734\" class=\"elementor elementor-734\" data-elementor-post-type=\"page\">\n\t\t\t\t<div data-particle_enable=\"false\" data-particle-mobile-disabled=\"false\" class=\"elementor-element elementor-element-4ee6d54 e-flex e-con-boxed e-con e-parent\" data-id=\"4ee6d54\" data-element_type=\"container\" data-e-type=\"container\" data-settings=\"{&quot;background_background&quot;:&quot;gradient&quot;}\">\n\t\t\t\t\t<div class=\"e-con-inner\">\n\t\t<div data-particle_enable=\"false\" data-particle-mobile-disabled=\"false\" class=\"elementor-element elementor-element-837f532 e-con-full e-flex e-con e-child\" data-id=\"837f532\" data-element_type=\"container\" data-e-type=\"container\">\n\t\t\t\t<div class=\"elementor-element elementor-element-4a614f0 elementor-widget elementor-widget-heading\" data-id=\"4a614f0\" data-element_type=\"widget\" data-e-type=\"widget\" data-widget_type=\"heading.default\">\n\t\t\t\t<div class=\"elementor-widget-container\">\n\t\t\t\t\t<h1 class=\"elementor-heading-title elementor-size-default\">Conditions g\u00e9n\u00e9rales<\/h1>\t\t\t\t<\/div>\n\t\t\t\t<\/div>\n\t\t<div data-particle_enable=\"false\" data-particle-mobile-disabled=\"false\" class=\"elementor-element elementor-element-e2e3f59 e-con-full e-flex e-con e-child\" data-id=\"e2e3f59\" data-element_type=\"container\" data-e-type=\"container\" data-settings=\"{&quot;background_background&quot;:&quot;classic&quot;}\">\n\t\t\t\t<div class=\"elementor-element elementor-element-d7032b2 elementor-widget elementor-widget-text-editor\" data-id=\"d7032b2\" data-element_type=\"widget\" data-e-type=\"widget\" data-widget_type=\"text-editor.default\">\n\t\t\t\t<div class=\"elementor-widget-container\">\n\t\t\t\t\t\t\t\t\t<p><strong>conditions g\u00e9n\u00e9rales<\/strong><\/p><p>Equi-M Horserugs, situ\u00e9 \u00e0\u00a0<span style=\"font-family: Aptos, Arial, Helvetica, sans-serif; caret-color: #000000;\">Usselerhalte 158<\/span>\u00a0\u00e0 Enschede, est responsable du traitement des donn\u00e9es personnelles tel que d\u00e9crit dans la pr\u00e9sente d\u00e9claration de confidentialit\u00e9.<\/p><p>Coordonn\u00e9es de contact :<br \/>www.equimhorserugs.com<br \/><span style=\"caret-color: #000000; font-family: Aptos, Arial, Helvetica, sans-serif;\">Usselerhalte 158, 7547SH Enschede<\/span><\/p><p><span style=\"color: var( --e-global-color-text ); font-family: var( --e-global-typography-text-font-family ), Sans-serif; font-weight: var( --e-global-typography-text-font-weight ); text-align: var(--text-align); font-size: 1rem;\">Monique Winterink est la d\u00e9l\u00e9gu\u00e9e \u00e0 la protection des donn\u00e9es chez Equi-M Horserugs. Vous pouvez la contacter \u00e0 l&#039;adresse info@equimhorserugs.com.<\/span><\/p><p>Donn\u00e9es personnelles que nous traitons<br \/>Equi-M Horserugs traite vos donn\u00e9es personnelles parce que vous utilisez nos services et\/ou parce que vous nous les fournissez vous-m\u00eame. Vous trouverez ci-dessous un aper\u00e7u des donn\u00e9es personnelles que nous traitons\u00a0:<br \/>\u2013 Pr\u00e9nom et nom de famille<br \/>\u2013 D\u00e9tails de l&#039;adresse<br \/>\u2013 Num\u00e9ro de t\u00e9l\u00e9phone<br \/>\u2013 Adresse e-mail<br \/>\u2013 Adresse IP<br \/>\u2013 Donn\u00e9es de localisation<br \/>\u2013 Informations concernant vos activit\u00e9s sur notre site web<br \/>\u2013 Donn\u00e9es relatives \u00e0 votre comportement de navigation sur diff\u00e9rents sites web (par exemple, parce que cette entreprise fait partie d&#039;un r\u00e9seau publicitaire)<br \/>\u2013 Type de navigateur Internet et d\u2019appareil<\/p><p>Donn\u00e9es personnelles particuli\u00e8res et\/ou sensibles que nous traitons <br \/>Notre site web et\/ou service ne vise pas \u00e0 collecter de donn\u00e9es concernant les visiteurs \u00e2g\u00e9s de moins de 16 ans, sauf autorisation expresse de leur part.<br \/>Parents ou tuteurs. Cependant, nous ne pouvons pas v\u00e9rifier si un visiteur a plus de 16 ans. C&#039;est pourquoi nous recommandons la participation des parents aux activit\u00e9s en ligne.<br \/>de leurs enfants, afin d&#039;emp\u00eacher la collecte de donn\u00e9es sur les enfants sans le consentement parental. Si vous \u00eates convaincu que nous<br \/>Si vous avez recueilli des renseignements personnels aupr\u00e8s d&#039;un mineur sans son consentement, veuillez communiquer avec nous \u00e0 l&#039;adresse info@equimhorserugs.com et nous supprimerons ces renseignements.<\/p><p>Dans quel but et sur quelle base traitons-nous les donn\u00e9es personnelles\u00a0?<br \/>Equi-M Horserugs traite vos donn\u00e9es personnelles aux fins suivantes\u00a0:<br \/>- Traitement de votre paiement<br \/>- Envoi de notre newsletter et\/ou de notre brochure publicitaire<br \/>\u2013 Pour pouvoir vous appeler ou vous envoyer un courriel si cela s\u2019av\u00e8re n\u00e9cessaire pour vous fournir nos services<br \/>\u2013 Pour vous informer des modifications apport\u00e9es \u00e0 nos services et produits<br \/>\u2013 Pour vous fournir des biens et des services<br \/>\u2013 Equi-M Horserugs analyse votre comportement sur le site web afin d&#039;am\u00e9liorer ce dernier et d&#039;adapter la gamme de produits et de services \u00e0 vos pr\u00e9f\u00e9rences.<br \/>\u2013 Equi-M Horserugs suit votre comportement de navigation sur diff\u00e9rents sites web afin de pouvoir adapter nos produits et services \u00e0 vos besoins.<\/p><p>\u2013 Equi-M Horserugs traite \u00e9galement des donn\u00e9es personnelles lorsque nous y sommes l\u00e9galement tenus, comme par exemple les donn\u00e9es n\u00e9cessaires \u00e0 notre d\u00e9claration fiscale.<\/p><p>Combien de temps conservons-nous les donn\u00e9es personnelles ?<\/p><p>Equi-M Horserugs ne conserve pas vos donn\u00e9es personnelles plus longtemps que strictement n\u00e9cessaire \u00e0 la r\u00e9alisation des finalit\u00e9s pour lesquelles elles sont collect\u00e9es.<br \/>Nous appliquons les dur\u00e9es de conservation suivantes aux cat\u00e9gories de donn\u00e9es personnelles suivantes\u00a0: 10 ans<\/p><p>Partage de donn\u00e9es personnelles avec des tiers<br \/>Equi-M Horserugs ne vend pas vos informations \u00e0 des tiers et ne les communique que si cela est n\u00e9cessaire \u00e0 l&#039;ex\u00e9cution de notre contrat avec vous ou pour nous conformer \u00e0 une obligation l\u00e9gale. Nous avons mis en place des accords de traitement des donn\u00e9es avec les entreprises qui traitent vos donn\u00e9es pour notre compte afin de garantir le m\u00eame niveau de s\u00e9curit\u00e9 et de confidentialit\u00e9.<br \/>Equi-M Horserugs demeure responsable de ces processus.<\/p><p>Nous utilisons des cookies ou des techniques similaires.<br \/>Equi-M Horserugs utilise des cookies fonctionnels, analytiques et de suivi. Un cookie est un petit fichier texte enregistr\u00e9 lors de votre premi\u00e8re visite sur ce site web.<br \/>est stock\u00e9 dans le navigateur de votre ordinateur, tablette ou smartphone.<br \/>Equi-M Horserugs utilise des cookies \u00e0 des fins purement techniques.<br \/>Ces cookies permettent de garantir le bon fonctionnement du site web et, par exemple, la m\u00e9morisation de vos pr\u00e9f\u00e9rences. Ils servent \u00e9galement \u00e0\u00a0:<br \/>Afin de garantir le bon fonctionnement du site web et de l&#039;optimiser, nous utilisons \u00e9galement des cookies qui suivent votre navigation pour vous proposer un contenu personnalis\u00e9.<br \/>et vous proposer des publicit\u00e9s. Lors de votre premi\u00e8re visite sur notre site web, nous vous avons d\u00e9j\u00e0 inform\u00e9s de l&#039;existence de ces cookies et vous avons demand\u00e9 votre consentement pour leur utilisation.<br \/>vous pouvez d\u00e9sactiver les cookies en configurant votre navigateur internet pour qu&#039;il ne les enregistre plus. De plus, vous pouvez \u00e9galement<br \/>Supprimez les informations pr\u00e9c\u00e9demment enregistr\u00e9es via les param\u00e8tres de votre navigateur. Pour plus d&#039;explications, consultez\u00a0:<br \/>https:\/\/veiliginternetten.nl\/themes\/situatie\/cookies-wat-zijn-het-en-wat-doe-ik-ermee\/<\/p><p>Afficher, modifier ou supprimer des donn\u00e9es<br \/>Vous disposez d&#039;un droit d&#039;acc\u00e8s, de rectification et d&#039;effacement de vos donn\u00e9es personnelles. Vous pouvez \u00e9galement retirer votre consentement au traitement de vos donn\u00e9es ou vous opposer \u00e0 leur traitement par Equi-M Horserugs, et vous b\u00e9n\u00e9ficiez d&#039;un droit \u00e0 la portabilit\u00e9 des donn\u00e9es. Cela signifie que vous pouvez nous demander de vous transmettre, ou de transmettre \u00e0 un organisme de votre choix, les donn\u00e9es personnelles que nous d\u00e9tenons vous concernant, sous forme de fichier informatique. Pour toute demande d&#039;acc\u00e8s, de rectification, d&#039;effacement ou de portabilit\u00e9 de vos donn\u00e9es personnelles, ou pour retirer votre consentement ou vous opposer \u00e0 leur traitement, veuillez nous contacter \u00e0 l&#039;adresse info@equimhorserugs.com.<br \/>Pour nous assurer que la demande d&#039;acc\u00e8s \u00e9mane bien de vous, nous vous demandons de joindre une copie de votre pi\u00e8ce d&#039;identit\u00e9 \u00e0 votre demande.<br \/>Copiez en noir votre photo d&#039;identit\u00e9, la zone de lecture optique (ZLO, la bande de chiffres en bas du passeport), le num\u00e9ro de passeport et le num\u00e9ro d&#039;identification national (BSN).<br \/>Nous prot\u00e9geons votre vie priv\u00e9e. Nous r\u00e9pondrons \u00e0 votre demande dans les meilleurs d\u00e9lais, et au plus tard sous quatre semaines.<\/p><p>Equi-M Horserugs tient \u00e9galement \u00e0 souligner que vous pouvez<br \/>Vous avez la possibilit\u00e9 de d\u00e9poser une plainte aupr\u00e8s de l&#039;autorit\u00e9 de contr\u00f4le nationale, l&#039;Autorit\u00e9 n\u00e9erlandaise de protection des donn\u00e9es. Vous pouvez le faire via le lien suivant\u00a0:<br \/>https:\/\/autoriteitpersoonsgegevens.nl\/nl\/contact-met-de-autoriteit-persoonsgegevens\/tip-ons<br \/>Comment nous prot\u00e9geons les donn\u00e9es personnelles<\/p><p>Equi-M Horserugs prend la protection de vos donn\u00e9es au s\u00e9rieux et met en \u0153uvre les mesures appropri\u00e9es pour pr\u00e9venir toute utilisation abusive, perte ou acc\u00e8s non autoris\u00e9.,<br \/>afin d&#039;emp\u00eacher toute divulgation non souhait\u00e9e et toute modification non autoris\u00e9e. Si vous avez l&#039;impression que vos donn\u00e9es ne sont pas correctement s\u00e9curis\u00e9es ou s&#039;il existe des indices de<br \/>En cas de mauvaise utilisation, veuillez contacter notre service client ou nous envoyer un courriel \u00e0 info@equimhorserugs.com<\/p>\t\t\t\t\t\t\t\t<\/div>\n\t\t\t\t<\/div>\n\t\t\t\t<\/div>\n\t\t\t\t<\/div>\n\t\t\t\t\t<\/div>\n\t\t\t\t<\/div>\n\t\t\t\t<\/div>","protected":false},"excerpt":{"rendered":"<p>Algemene Voorwaarden Algemene voorwaarden Equi-M Horserugs, gevestigd aan\u00a0Usselerhalte 158\u00a0in Enschede, is verantwoordelijk voor de verwerking van persoonsgegevens zoals weergegeven in deze privacyverklaring. Contactgegevens:www.equimhorserugs.comUsselerhalte 158, 7547SH Enschede Monique Winterink is de Functionaris Gegevensbescherming van Equi-M Horserugs. Hij\/zij is te bereiken via info@equimhorserugs.com Persoonsgegevens die wij verwerkenEqui-M Horserugs verwerkt uw persoonsgegevens doordat u gebruik maakt van onze [&hellip;]<\/p>\n","protected":false},"author":1,"featured_media":0,"parent":0,"menu_order":0,"comment_status":"closed","ping_status":"closed","template":"","meta":{"_acf_changed":false,"footnotes":""},"class_list":["post-734","page","type-page","status-publish","hentry"],"acf":[],"_links":{"self":[{"href":"https:\/\/equimhorserugs.com\/fr\/wp-json\/wp\/v2\/pages\/734","targetHints":{"allow":["GET"]}}],"collection":[{"href":"https:\/\/equimhorserugs.com\/fr\/wp-json\/wp\/v2\/pages"}],"about":[{"href":"https:\/\/equimhorserugs.com\/fr\/wp-json\/wp\/v2\/types\/page"}],"author":[{"embeddable":true,"href":"https:\/\/equimhorserugs.com\/fr\/wp-json\/wp\/v2\/users\/1"}],"replies":[{"embeddable":true,"href":"https:\/\/equimhorserugs.com\/fr\/wp-json\/wp\/v2\/comments?post=734"}],"version-history":[{"count":13,"href":"https:\/\/equimhorserugs.com\/fr\/wp-json\/wp\/v2\/pages\/734\/revisions"}],"predecessor-version":[{"id":1503,"href":"https:\/\/equimhorserugs.com\/fr\/wp-json\/wp\/v2\/pages\/734\/revisions\/1503"}],"wp:attachment":[{"href":"https:\/\/equimhorserugs.com\/fr\/wp-json\/wp\/v2\/media?parent=734"}],"curies":[{"name":"wp","href":"https:\/\/api.w.org\/{rel}","templated":true}]}}