{"id":1287,"date":"2025-09-01T14:20:10","date_gmt":"2025-09-01T12:20:10","guid":{"rendered":"https:\/\/equimhorserugs.com\/?post_type=product&#038;p=1287"},"modified":"2026-01-20T11:03:08","modified_gmt":"2026-01-20T10:03:08","slug":"couverture-de-cou-equi-m-combi-300-grammes-copie-de-couverture-dexterieur","status":"publish","type":"product","link":"https:\/\/equimhorserugs.com\/fr\/product\/equi-m-combi-halsdeken-300-gram-outdoordeken-kopie\/","title":{"rendered":"Couverture d&#039;hiver Equi-M Combi-neck 300 grammes"},"content":{"rendered":"<p>La couverture Equi-M Combi Neck Rug offre \u00e0 votre cheval une protection et un confort optimaux. C&#039;est \u00e0 la fois un marcheur et une couverture d&#039;ext\u00e9rieur !<\/p>\n<p>Forts de son succ\u00e8s, nous avons \u00e9largi notre gamme de couvertures Equi-M Combi standard avec un demi-col.<br \/>\nSa coupe unique et sa doublure douce pr\u00e9viennent les frottements. Ce tapis polyvalent est id\u00e9al pour les paddocks, les \u00e9curies ou les promenades. Imperm\u00e9able et respirant, il est parfait par tous les temps\u00a0!<br \/>\nLe col montant offre encore plus de confort et de chaleur par temps froid.<\/p>\n<p><strong>Caract\u00e9ristiques principales<\/strong><\/p>\n<p>Libert\u00e9 de mouvement absolue<br \/>\nImperm\u00e9able et respirant<br \/>\nDoublure en polaire douce sur la poitrine<br \/>\nFacile \u00e0 transformer en couverture de tapis roulant<\/p>\n<p><strong><br \/>\nCaract\u00e9ristiques<\/strong><\/p>\n<p>Mati\u00e8re : Polyester imperm\u00e9able 1200d<br \/>\nTaille : 185, 195 cm, 205 ou 215 cm<br \/>\nCouleur : Bleu fonc\u00e9<br \/>\nPoids : 150 grammes<br \/>\nForme : Demi-cou<\/p>","protected":false},"excerpt":{"rendered":"<p>La couverture Equi-M Combi avec demi-encolure offre \u00e0 votre cheval une protection et un confort optimaux. C&#039;est \u00e0 la fois un marcheur et une couverture d&#039;ext\u00e9rieur !<\/p>","protected":false},"featured_media":1231,"template":"","meta":{"_acf_changed":false},"product_brand":[],"product_cat":[16],"product_tag":[],"class_list":{"0":"post-1287","1":"product","2":"type-product","3":"status-publish","4":"has-post-thumbnail","6":"product_cat-geen-categorie","8":"first","9":"instock","10":"taxable","11":"shipping-taxable","12":"purchasable","13":"product-type-variable"},"acf":[],"_links":{"self":[{"href":"https:\/\/equimhorserugs.com\/fr\/wp-json\/wp\/v2\/product\/1287","targetHints":{"allow":["GET"]}}],"collection":[{"href":"https:\/\/equimhorserugs.com\/fr\/wp-json\/wp\/v2\/product"}],"about":[{"href":"https:\/\/equimhorserugs.com\/fr\/wp-json\/wp\/v2\/types\/product"}],"wp:featuredmedia":[{"embeddable":true,"href":"https:\/\/equimhorserugs.com\/fr\/wp-json\/wp\/v2\/media\/1231"}],"wp:attachment":[{"href":"https:\/\/equimhorserugs.com\/fr\/wp-json\/wp\/v2\/media?parent=1287"}],"wp:term":[{"taxonomy":"product_brand","embeddable":true,"href":"https:\/\/equimhorserugs.com\/fr\/wp-json\/wp\/v2\/product_brand?post=1287"},{"taxonomy":"product_cat","embeddable":true,"href":"https:\/\/equimhorserugs.com\/fr\/wp-json\/wp\/v2\/product_cat?post=1287"},{"taxonomy":"product_tag","embeddable":true,"href":"https:\/\/equimhorserugs.com\/fr\/wp-json\/wp\/v2\/product_tag?post=1287"}],"curies":[{"name":"wp","href":"https:\/\/api.w.org\/{rel}","templated":true}]}}