{"id":1281,"date":"2025-09-01T14:09:39","date_gmt":"2025-09-01T12:09:39","guid":{"rendered":"https:\/\/equimhorserugs.com\/?post_type=product&#038;p=1281"},"modified":"2026-01-20T11:02:34","modified_gmt":"2026-01-20T10:02:34","slug":"equi-m-kombifilt-150-gram-utomhusfilt-hals","status":"publish","type":"product","link":"https:\/\/equimhorserugs.com\/sv\/product\/equi-m-combi-deken-150-gram-outdoordeken-hals\/","title":{"rendered":"Equi-M Kombinationshalsfilt 150 grams friluftsfilt"},"content":{"rendered":"<p>Equi-M Combi Neck-t\u00e4cke erbjuder din h\u00e4st ultimat skydd och komfort. Det \u00e4r ett skrittt\u00e4cke och ett utomhust\u00e4cke i ett!<\/p>\n<p>P\u00e5 grund av dess stora framg\u00e5ng har vi ut\u00f6kat v\u00e5rt standardt\u00e4cke Equi-M Combi med en halv hals.<br \/>\nDen unika passformen och det sl\u00e4ta fodret f\u00f6rhindrar skav. Detta m\u00e5ngsidiga t\u00e4cke \u00e4r perfekt f\u00f6r hagar, stall eller promenader. Vattent\u00e4tt och andningsbart, perfekt f\u00f6r alla v\u00e4der!<br \/>\nHalvhalsad krage ger \u00e4nnu mer komfort och v\u00e4rme p\u00e5 kalla dagar.<\/p>\n<p><strong>Viktiga funktioner<\/strong><\/p>\n<p>Ultimat r\u00f6relsefrihet<br \/>\nVattent\u00e4t och andningsbar<br \/>\nMjukt fleecefoder p\u00e5 br\u00f6stet<br \/>\nL\u00e4tt att omvandla till l\u00f6pbandst\u00e4cke<\/p>\n<p><strong><br \/>\nSpecifikationer<\/strong><\/p>\n<p>Material: Vattent\u00e4t polyester 1200d<br \/>\nStorlek: 185, 195 cm, 205 eller 215 cm<br \/>\nF\u00e4rg: M\u00f6rkbl\u00e5<br \/>\nVikt: 150 gram<br \/>\nForm: Halv hals<\/p>","protected":false},"excerpt":{"rendered":"<p>Equi-M Kombit\u00e4cke med halv hals ger din h\u00e4st ultimat skydd och komfort. Det \u00e4r ett skrittt\u00e4cke och ett utomhust\u00e4cke i ett!<\/p>","protected":false},"featured_media":1231,"template":"","meta":{"_acf_changed":false},"product_brand":[],"product_cat":[16],"product_tag":[],"class_list":{"0":"post-1281","1":"product","2":"type-product","3":"status-publish","4":"has-post-thumbnail","6":"product_cat-geen-categorie","8":"first","9":"instock","10":"taxable","11":"shipping-taxable","12":"purchasable","13":"product-type-variable"},"acf":[],"_links":{"self":[{"href":"https:\/\/equimhorserugs.com\/sv\/wp-json\/wp\/v2\/product\/1281","targetHints":{"allow":["GET"]}}],"collection":[{"href":"https:\/\/equimhorserugs.com\/sv\/wp-json\/wp\/v2\/product"}],"about":[{"href":"https:\/\/equimhorserugs.com\/sv\/wp-json\/wp\/v2\/types\/product"}],"wp:featuredmedia":[{"embeddable":true,"href":"https:\/\/equimhorserugs.com\/sv\/wp-json\/wp\/v2\/media\/1231"}],"wp:attachment":[{"href":"https:\/\/equimhorserugs.com\/sv\/wp-json\/wp\/v2\/media?parent=1281"}],"wp:term":[{"taxonomy":"product_brand","embeddable":true,"href":"https:\/\/equimhorserugs.com\/sv\/wp-json\/wp\/v2\/product_brand?post=1281"},{"taxonomy":"product_cat","embeddable":true,"href":"https:\/\/equimhorserugs.com\/sv\/wp-json\/wp\/v2\/product_cat?post=1281"},{"taxonomy":"product_tag","embeddable":true,"href":"https:\/\/equimhorserugs.com\/sv\/wp-json\/wp\/v2\/product_tag?post=1281"}],"curies":[{"name":"wp","href":"https:\/\/api.w.org\/{rel}","templated":true}]}}